{"id":14,"date":"2018-05-29T15:48:48","date_gmt":"2018-05-29T13:48:48","guid":{"rendered":"http:\/\/wp4.ipk.fraunhofer.de\/?page_id=14"},"modified":"2020-01-23T14:33:45","modified_gmt":"2020-01-23T13:33:45","slug":"datenschutzerklrung","status":"publish","type":"page","link":"https:\/\/prozessassistent.ipk.fraunhofer.de\/?page_id=14","title":{"rendered":"Datenschutzerkl\u00e4rung"},"content":{"rendered":"<p><strong>Datenschutzinformation<\/strong><\/p>\n<p>Im Rahmen der Nutzung dieser Webseite werden personenbezogene Daten von Ihnen durch uns als den f\u00fcr die Datenverarbeitung Verantwortlichen verarbeitet und f\u00fcr die Dauer gespeichert, die zur Erf\u00fcllung der festgelegten Zwecke und gesetzlicher Verpflichtungen erforderlich ist. Im Folgenden informieren wir Sie dar\u00fcber, um welche Daten es sich dabei handelt, auf welche Weise sie verarbeitet werden und welche Rechte Ihnen diesbez\u00fcglich zustehen.<\/p>\n<p>Personenbezogene Daten sind gem\u00e4\u00df Art. 4 Nr. 1 Datenschutzgrundverordnung (DSGVO) alle Informationen, die sich auf eine identifizierte oder identifizierbare nat\u00fcrliche Person beziehen.<\/p>\n<p><strong>1. Geltungsbereich<\/strong><\/p>\n<p>Diese Datenschutzinformation gilt f\u00fcr Datenverarbeitungen auf allen Projekt-Webseiten von uns, sowie aller im Zusammenhang mit den Projekten angebotenen Diensten als Webdienst oder als mobile App (zur besseren Lesbarkeit im Folgenden: Webseite), sofern jeweils auf diese Datenschutzinformation verwiesen wird.<\/p>\n<p><strong>2. Name und Kontaktdaten des f\u00fcr die Verarbeitung Verantwortlichen sowie des betrieblichen Datenschutzbeauftragten <\/strong><\/p>\n<p>Verantwortlicher im Sinne von Art. 4 Nr. 7 DSGVO:<\/p>\n<p>Fraunhofer-Gesellschaft<br \/>\nzur F\u00f6rderung der angewandten Forschung e.V.<\/p>\n<p>Hansastra\u00dfe 27 c<br \/>\n80686 M\u00fcnchen<\/p>\n<p>f\u00fcr ihr Fraunhofer-Institut f\u00fcr Produktionsanlagen und Konstruktionstechnik IPK, Pascalstra\u00dfe 8-9, 10587 Berlin<\/p>\n<p>E-Mail:\u00a0\u00a0\u00a0\u00a0\u00a0\u00a0\u00a0\u00a0 <a href=\"mailto:info@ipk.fraunhofer.de\">info(at)ipk.fraunhofer.de<\/a><br \/>\nTelefon:\u00a0 \u00a0 \u00a0 \u00a0 +49 30 39006-0<br \/>\nFax:\u00a0 \u00a0 \u00a0 \u00a0 \u00a0 \u00a0 \u00a0 +49 30 391 1037<\/p>\n<p>Der Datenschutzbeauftragte von Fraunhofer ist unter der o.g. Anschrift in M\u00fcnchen, zu Hd. Datenschutzbeauftragter bzw. unter <a href=\"mailto:datenschutz@zv.fraunhofer.de\">datenschutz@zv.fraunhofer.de<\/a> erreichbar.<\/p>\n<p>Sie k\u00f6nnen sich jederzeit bei Fragen zum Datenschutzrecht oder Ihren Betroffenenrechten direkt an unseren Datenschutzbeauftragten wenden.<\/p>\n<p><strong>3. Verarbeitung personenbezogener Daten und Zwecke der Verarbeitung<\/strong><\/p>\n<p><strong>a) Beim Besuch der Webseite<\/strong><\/p>\n<p>Sie k\u00f6nnen unsere Webseite aufrufen, ohne Angaben zu Ihrer Identit\u00e4t preisgeben zu m\u00fcssen. Der auf Ihrem Endger\u00e4t eingesetzte Browser sendet lediglich automatisch Informationen an den Server unserer Webseite (z.B. Browsertyp und \u2013version, Datum und Uhrzeit des Zugriffs), um einen Verbindungsaufbau der Webseite zu erm\u00f6glichen. Hierzu geh\u00f6rt auch die IP-Adresse Ihres anfragenden Endger\u00e4tes. Diese wird tempor\u00e4r in einem sog. Logfile gespeichert und sp\u00e4testens nach 30 Tagen gel\u00f6scht.<\/p>\n<p>Die Verarbeitung der IP-Adresse erfolgt zu technischen und administrativen Zwecken des Verbindungsaufbaus und \u2013stabilit\u00e4t, um die Sicherheit und Funktionsf\u00e4higkeit unserer Webseite zu gew\u00e4hrleisten und etwaige rechtswidrige Angriffe hierauf notfalls verfolgen zu k\u00f6nnen.<\/p>\n<p>Die Rechtsgrundlage f\u00fcr die Verarbeitung der IP-Adresse ist Art. 6 Abs. 1 S. 1 lit. f DSGVO. Unser berechtigtes Interesse folgt aus dem erw\u00e4hnten Sicherheitsinteresse und der Erforderlichkeit einer st\u00f6rungsfreien Bereitstellung unserer Webseite.<\/p>\n<p>Aus der Verarbeitung der IP-Adresse und anderer Information in dem Logfile k\u00f6nnen wir keine unmittelbaren R\u00fcckschl\u00fcsse auf Ihre Identit\u00e4t ziehen.<\/p>\n<p>Dar\u00fcber hinaus setzen wir beim Besuch unserer Webseite Cookies ein. N\u00e4here Erl\u00e4uterungen dazu erhalten Sie weiter unten in dieser Datenschutzinformation<\/p>\n<p><strong>b) Bei Anmeldung zu einem E-Mail-Verteiler<\/strong><\/p>\n<p>Sofern Sie nach Art. 6 Abs. 1 S. 1 lit. a DSGVO ausdr\u00fccklich eingewilligt haben, verwenden wir Ihre E-Mail-Adresse daf\u00fcr, Ihnen regelm\u00e4\u00dfig ausgew\u00e4hlte Informationen zu \u00fcbersenden, die Sie \u00fcber die Arbeit an unserem Institut und\/oder zu anderen Einrichtungen und\/oder Veranstaltungen des Fraunhofer e.V. informiert. Die Themen und Inhalte der ausgew\u00e4hlten Informationen bestimmen sich nach dem Verteiler, f\u00fcr den Sie sich angemeldet haben.<\/p>\n<p>Sofern Sie bei der Anmeldung zus\u00e4tzlich Ihren Namen und Ihre Anrede angeben k\u00f6nnen, nutzen wir diese Informationen, um Sie in unseren Verteiler-E-Mails pers\u00f6nlich anzusprechen.<\/p>\n<p>Nach Ihrer Anmeldung erhalten Sie per E-Mail eine Registrierungsbenachrichtigung, die Sie best\u00e4tigen m\u00fcssen, um in den Verteiler aufgenommen zu werden (sog. Double Opt-In). Dies dient uns als Nachweis dar\u00fcber, dass die Registrierung tats\u00e4chlich von Ihnen initiiert wurde.<\/p>\n<p>Die Abmeldung ist jederzeit m\u00f6glich, z. B. \u00fcber einen Link am Ende einer jeden E-Mail. Alternativ k\u00f6nnen Sie uns Ihren Abmeldewunsch gerne auch per E-Mail zusenden.<\/p>\n<p>Ihre E-Mail-Adresse wird nach Widerruf Ihrer Einwilligung zur Zusendung von Informationen umgehend aus unserem Verteiler gel\u00f6scht.<\/p>\n<p><strong>c) Bei Nutzung von <\/strong><strong>Kontaktformularen<\/strong><\/p>\n<p>Auf einigen unserer Webseiten bieten wir Ihnen die M\u00f6glichkeit, mit uns \u00fcber ein auf der Webseite bereitgestelltes Formular Kontakt aufzunehmen. Dabei sind einige Angaben als Pflichtangaben erforderlich (ggf. Anrede, Vor- und Nachname, E-Mail-Adresse). Ihre Daten ben\u00f6tigen wir, um festzustellen von wem die Anfrage stammt und um diese bearbeiten und beantworten zu k\u00f6nnen.<\/p>\n<p>Die Datenverarbeitung erfolgt auf Ihre Anfrage hin und ist im Rahmen der Beantwortung einer Kontaktanfrage auf unsere berechtigten Interessen gem. Art. 6 Abs. 1 S. 1 lit. f DSGVO gest\u00fctzt.<\/p>\n<p>Die f\u00fcr die Benutzung des Kontaktformulars von uns erhobenen personenbezogenen Daten werden nach Erledigung der von Ihnen gestellten Anfrage gel\u00f6scht, sofern keine gesetzlichen Aufbewahrungsfristen einer L\u00f6schung Ihrer Daten entgegenstehen.<\/p>\n<p><strong>4. Weitergabe von personenbezogenen Daten an Dritte<\/strong><\/p>\n<p>Wir geben die Sie betreffenden personenbezogenen Daten nur an Dritte weiter, wenn:<\/p>\n<ul>\n<li>Sie gem. Art. 6 Abs. 1 S. 1 lit. a DSGVO Ihre ausdr\u00fcckliche Einwilligung dazu erteilt haben;<\/li>\n<li>f\u00fcr die Weitergabe nach Art. 6 Abs. 1 S. 1 lit. c DSGVO eine gesetzliche Verpflichtung besteht.<\/li>\n<\/ul>\n<p>Die weitergegebenen Daten d\u00fcrfen von dem Dritten ausschlie\u00dflich zu den genannten Zwecken verwendet werden.<\/p>\n<p><strong>5. Cookies<\/strong><\/p>\n<p>Wir setzen auf unserer Webseite Cookies ein. Hierbei handelt es sich um kleine Dateien, die Ihr Browser automatisch erstellt und die auf Ihrem Endger\u00e4t (Laptop, Tablet, Smartphone o.\u00e4.) gespeichert werden, wenn Sie unsere Seite besuchen. Cookies richten auf Ihrem Endger\u00e4t keinen Schaden an, enthalten keine Viren, Trojaner oder sonstige Schadsoftware.<\/p>\n<p>In dem Cookie werden Informationen abgelegt, die sich jeweils im Zusammenhang mit dem spezifisch eingesetzten Endger\u00e4t ergeben. Dies bedeutet jedoch nicht, dass wir dadurch unmittelbar Kenntnis von Ihrer Identit\u00e4t erhalten.<\/p>\n<p>Der Einsatz von Cookies dient einerseits dazu, die Nutzung unseres Angebots f\u00fcr Sie angenehmer zu gestalten. So setzen wir sogenannte Session-Cookies ein, um zu erkennen, dass Sie einzelne Seiten unserer Webseite bereits besucht haben.<\/p>\n<p>Dar\u00fcber hinaus setzen wir ebenfalls zur Optimierung der Benutzerfreundlichkeit tempor\u00e4re Cookies ein, die f\u00fcr einen bestimmten festgelegten Zeitraum auf Ihrem Endger\u00e4t gespeichert werden. Besuchen Sie unsere Seite erneut, um unsere Dienste in Anspruch zu nehmen, wird automatisch erkannt, dass Sie bereits bei uns waren und welche Eingaben und Einstellungen sie get\u00e4tigt haben, um diese nicht noch einmal eingeben zu m\u00fcssen.<\/p>\n<p>Die durch Cookies verarbeiteten Daten sind f\u00fcr die genannten Zwecke zur Wahrung unserer berechtigten Interessen sowie der Dritter nach Art. 6 Abs. 1 S. 1 lit. f DSGVO erforderlich.<\/p>\n<p>Die meisten Browser akzeptieren Cookies automatisch. Sie k\u00f6nnen Ihren Browser jedoch so konfigurieren, dass keine Cookies auf Ihrem Computer gespeichert werden oder stets ein Hinweis erscheint, bevor ein neuer Cookie angelegt wird. Die vollst\u00e4ndige Deaktivierung von Cookies kann jedoch dazu f\u00fchren, dass Sie nicht alle Funktionen unserer Webseite nutzen k\u00f6nnen.<\/p>\n<p><strong>6. Social-Media-Plugins<\/strong><\/p>\n<p>Auf unserer Webseite k\u00f6nnen sog. Social-Media-Buttons (auch Social-Media-Plugins) eingesetzt werden. Hierbei handelt es sich um kleine Schaltfl\u00e4chen, mittels derer Sie Inhalte unserer Webseite in sozialen Netzwerken unter Ihrem Profil ver\u00f6ffentlichen k\u00f6nnen.<\/p>\n<p>Sofern Sie eine solche Schaltfl\u00e4che aktivieren, wird eine Verbindung zwischen unserer Webseite und dem sozialen Netzwerk hergestellt. Neben den betreffenden Inhalten erh\u00e4lt der Betreiber des sozialen Netzwerkes weitere zum Teil personenbezogene Informationen. Dazu geh\u00f6rt etwa der Umstand, dass Sie gerade unsere Seite besuchen.<\/p>\n<p>Die Einbindung der Social-Media-Buttons erfolgt unter Einsatz der sog. Shariff-L\u00f6sung. Diese L\u00f6sung verhindert, dass bereits eine Verbindung zu einem sozialen Netzwerk aufgebaut wird, nur weil Sie eine Seite mit einem Social-Media-Button aufrufen, ohne diesen zu aktivieren. Das bedeutet, dass erst dann Informationen an das soziale Netzwerk \u00fcbermittelt werden, wenn Sie die Schaltfl\u00e4che einsetzen.<\/p>\n<p>Die folgenden Social-Media-Plugins k\u00f6nnen auf unseren Seiten eingesetzt werden:<\/p>\n<p><strong>a) Facebook Ireland Limited: Teilen auf Facebook<\/strong><\/p>\n<p><strong>\u00a0<\/strong><\/p>\n<p>Teilweise werden Informationen an die Muttergesellschaft Facebook Inc. mit Sitz in den USA \u00fcbermittelt. Diese beachtet die Datenschutzbestimmungen des \u201eUS-Privacy-Shield\u201c und ist beim \u201eUS-Privacy Shield\u201c-Programm des US-Handelsministeriums registriert.<\/p>\n<p>Weitere Informationen zum Datenschutz bei Facebook finden Sie in der Datenschutzerkl\u00e4rung von Facebook unter <a href=\"https:\/\/www.facebook.com\/about\/privacy\/\">https:\/\/www.facebook.com\/about\/privacy\/<\/a>.<\/p>\n<p><strong>b) Twitter International Company: Teilen auf Twitter<\/strong><\/p>\n<p>Teilweise werden Informationen an die Muttergesellschaft Twitter Inc. mit Sitz in den USA \u00fcbermittelt. Diese beachtet die Datenschutzbestimmungen des \u201eUS-Privacy-Shield\u201c und ist beim \u201eUS-Privacy Shield\u201c-Programm des US-Handelsministeriums registriert.<\/p>\n<p>Weitere Informationen zum Datenschutz bei Twitter finden Sie in der Datenschutzerkl\u00e4rung von Twitter unter <a href=\"https:\/\/twitter.com\/privacy\">https:\/\/twitter.com\/privacy<\/a>.<\/p>\n<p><strong>c) XING SE: Teilen auf XING<\/strong><\/p>\n<p>Weitere Informationen zum Datenschutz bei XING finden Sie in der Datenschutzerkl\u00e4rung von XING unter <a href=\"https:\/\/www.xing.com\/privacy\">https:\/\/www.xing.com\/privacy<\/a>.<\/p>\n<p><strong>d) LinkedIn Corporation: Teilen auf LinkedIn<\/strong><strong><\/p>\n<p><\/strong>Teilweise werden Informationen an die Muttergesellschaft LinkedIn Corporation mit Sitz in den USA \u00fcbermittelt. Diese beachtet die Datenschutzbestimmungen des \u201eUS-Privacy-Shield\u201c und ist beim \u201eUS-Privacy Shield\u201c-Programm des US-Handelsministeriums registriert. Weitere Informationen zum Datenschutz bei LinkedIn finden Sie in deren Datenschutzrichtlinien unter https:\/\/www.linkedin.com\/legal\/privacy-policy.<\/p>\n<p><strong>e) Pinterest Europe Ltd.: Teilen auf Pinterest<\/strong><\/p>\n<p>Weitere Informationen zum Datenschutz bei Pinterest finden Sie in der Datenschutzerkl\u00e4rung von Pinterest unter <a href=\"https:\/\/policy.pinterest.com\/de\/privacy-policy\">https:\/\/policy.pinterest.com\/de\/privacy-policy<\/a>.<\/p>\n<p><strong>f) Facebook Ireland Limited: Teilen auf Instagram<\/strong><\/p>\n<p>Teilweise werden Informationen an die Muttergesellschaft Facebook Inc. mit Sitz in den USA \u00fcbermittelt. Diese beachtet die Datenschutzbestimmungen des \u201eUS-Privacy-Shield\u201c und ist beim \u201eUS-Privacy Shield\u201c-Programm des US-Handelsministeriums registriert.<\/p>\n<p>Zweck und Umfang der Datenerhebung und die weitere Verarbeitung und Nutzung der Daten durch Facebook sowie Ihre diesbez\u00fcglichen Rechte und Einstellungsm\u00f6glichkeiten zum Schutz Ihrer Privatsph\u00e4re entnehmen Sie bitte den der Datenschutzrichtlinie von Instagram unter <a href=\"https:\/\/help.instagram.com\/519522125107875\">https:\/\/help.instagram.com\/519522125107875<\/a>.<\/p>\n<p><strong>7. YouTube<\/strong><\/p>\n<p>Wenn wir Komponenten (Videos) des Unternehmens YouTube, LLC 901 Cherry Ave., 94066 San Bruno, CA, USA (Im Folgenden: \u201eYouTube\u201c), einem Unternehmen der Google Inc., Amphitheatre Parkway, Mountain View, CA 94043, USA (Im Folgenden: \u201eGoogle\u201c) auf unseren Internetseiten einbinden, erfolgt die Implementierung aufgrund von Art. 6 Abs. 1 S. 1 lit. f DSGVO, wobei unser Interesse in der reibungslosen Integration der Videos und der damit ansprechenden Gestaltung unserer Webseite liegt.<\/p>\n<p>Die Einbindung erfolgt entsprechend der Einbindung der Social Media Plugins mittels einer L\u00f6sung, die verhindert, dass bereits eine Verbindung zu Google aufgebaut wird, nur weil Sie eine Seite mit einem implementierten Video aufrufen, ohne das Video zu aktivieren. Das bedeutet, dass erst dann Informationen an YouTube \u00fcbermittelt werden, wenn Sie das Video zum Ansehen anklicken.<\/p>\n<p>Google beachtet die Datenschutzbestimmungen des \u201eUS-Privacy-Shield\u201c und ist beim \u201eUS-Privacy Shield\u201c-Programm des US-Handelsministeriums registriert.<\/p>\n<p>Weitere Informationen zum Datenschutz im Zusammenhang mit YouTube finden Sie in den Datenschutzbestimmungen von Google unter <a href=\"https:\/\/www.google.de\/intl\/de\/policies\/privacy\/\">https:\/\/www.google.de\/intl\/de\/policies\/privacy\/<\/a>.<\/p>\n<p><strong>8. Betroffenenrechte<\/strong><\/p>\n<p>Sie haben das Recht:<\/p>\n<ul>\n<li>gem\u00e4\u00df Art. 7 Abs. 3 DSGVO Ihre einmal erteilte Einwilligung jederzeit gegen\u00fcber uns zu widerrufen. Dies hat zur Folge, dass wir die Datenverarbeitung, die auf dieser Einwilligung beruhte, f\u00fcr die Zukunft nicht mehr fortf\u00fchren d\u00fcrfen;<\/li>\n<li>gem\u00e4\u00df Art. 15 DSGVO Auskunft \u00fcber Ihre von uns verarbeiteten personenbezogenen Daten zu verlangen. Insbesondere k\u00f6nnen Sie Auskunft \u00fcber die Verarbeitungszwecke, die Kategorie der personenbezogenen Daten, die Kategorien von Empf\u00e4ngern, gegen\u00fcber denen Ihre Daten offengelegt wurden oder werden, die geplante Speicherdauer, das Bestehen eines Rechts auf Berichtigung, L\u00f6schung, Einschr\u00e4nkung der Verarbeitung oder Widerspruch, das Bestehen eines Beschwerderechts, die Herkunft ihrer Daten, sofern diese nicht bei uns erhoben wurden, sowie \u00fcber das Bestehen einer automatisierten Entscheidungsfindung einschlie\u00dflich Profiling und ggf. aussagekr\u00e4ftigen Informationen zu deren Einzelheiten verlangen;<\/li>\n<li>gem\u00e4\u00df Art. 16 DSGVO unverz\u00fcglich die Berichtigung unrichtiger oder Vervollst\u00e4ndigung Ihrer bei uns gespeicherten personenbezogenen Daten zu verlangen;<\/li>\n<li>gem\u00e4\u00df Art. 17 DSGVO die L\u00f6schung Ihrer bei uns gespeicherten personenbezogenen Daten zu verlangen, soweit nicht die Verarbeitung zur Aus\u00fcbung des Rechts auf freie Meinungs\u00e4u\u00dferung und Information, zur Erf\u00fcllung einer rechtlichen Verpflichtung, aus Gr\u00fcnden des \u00f6ffentlichen Interesses oder zur Geltendmachung, Aus\u00fcbung oder Verteidigung von Rechtsanspr\u00fcchen erforderlich ist;<\/li>\n<li>gem\u00e4\u00df Art. 18 DSGVO die Einschr\u00e4nkung der Verarbeitung Ihrer personenbezogenen Daten zu verlangen, soweit die Richtigkeit der Daten von Ihnen bestritten wird, die Verarbeitung unrechtm\u00e4\u00dfig ist, Sie aber deren L\u00f6schung ablehnen und wir die Daten nicht mehr ben\u00f6tigen, Sie jedoch diese zur Geltendmachung, Aus\u00fcbung oder Verteidigung von Rechtsanspr\u00fcchen ben\u00f6tigen oder Sie gem\u00e4\u00df Art. 21 DSGVO Widerspruch gegen die Verarbeitung eingelegt haben;<\/li>\n<li>gem\u00e4\u00df Art. 20 DSGVO Ihre personenbezogenen Daten, die Sie uns bereitgestellt haben, in einem strukturierten, g\u00e4ngigen und maschinenlesbaren Format zu erhalten oder die \u00dcbermittlung an einen anderen Verantwortlichen zu verlangen und<\/li>\n<li>gem\u00e4\u00df Art. 77 DSGVO sich bei einer Aufsichtsbeh\u00f6rde zu beschweren. In der Regel k\u00f6nnen Sie sich hierf\u00fcr an die Aufsichtsbeh\u00f6rde ihres \u00fcblichen Aufenthaltsortes oder Arbeitsplatzes oder unseres Vereinssitzes wenden.<\/li>\n<\/ul>\n<p><strong>Information \u00fcber Ihr Widerspruchsrecht nach Art. 21 DSGVO<\/strong><\/p>\n<p>Sie haben das Recht, aus Gr\u00fcnden, die sich aus Ihrer besonderen Situation ergeben, jederzeit gegen die Verarbeitung Sie betreffender personenbezogener Daten, die aufgrund von Artikel 6 Abs. 1 S. 1 lit. e DSGVO (Datenverarbeitung im \u00f6ffentlichen Interesse) und Artikel 6 Abs. 1 S. 1 lit. f DSGVO (Datenverarbeitung auf der Grundlage einer Interessenabw\u00e4gung) erfolgt, Widerspruch einzulegen; dies gilt auch f\u00fcr ein auf diese Bestimmung gest\u00fctztes Profiling von Artikel 4 Nr. 4 DSGVO.<\/p>\n<p>Legen Sie Widerspruch ein, werden wir Ihre personenbezogenen Daten nicht mehr verarbeiten, es sei denn, wir k\u00f6nnen zwingende schutzw\u00fcrdige Gr\u00fcnde f\u00fcr die Verarbeitung nachweisen, die Ihre Interessen, Rechte und Freiheiten \u00fcberwiegen, oder die Verarbeitung dient der Geltendmachung, Aus\u00fcbung oder Verteidigung von Rechtsanspr\u00fcchen.<\/p>\n<p>Sofern sich Ihr Widerspruch gegen eine Verarbeitung von Daten zum Zwecke der Direktwerbung richtet, so werden wir die Verarbeitung umgehend einstellen. In diesem Fall ist die Angabe einer besonderen Situation nicht erforderlich. Dies gilt auch f\u00fcr das Profiling, soweit es mit solcher Direktwerbung in Verbindung steht.<\/p>\n<p>M\u00f6chten Sie von Ihrem Widerspruchsrecht Gebrauch machen, gen\u00fcgt eine E-Mail an <a href=\"mailto:datenschutzkoordination@zv.fraunhofer.de\">datenschutzkoordination@zv.fraunhofer.de<\/a>.<\/p>\n<p><strong>9. Datensicherheit<\/strong><\/p>\n<p>Alle von Ihnen pers\u00f6nlich \u00fcbermittelten Daten werden mit dem allgemein \u00fcblichen und sicheren Standard TLS (Transport Layer Security) verschl\u00fcsselt \u00fcbertragen. TLS ist ein sicherer und erprobter Standard, der z.B. auch beim Onlinebanking Verwendung findet. Sie erkennen eine sichere TLS-Verbindung unter anderem an dem angeh\u00e4ngten s am http (also https:\/\/..) in der Adressleiste Ihres Browsers oder am Schloss-Symbol im unteren Bereich Ihres Browsers.<\/p>\n<p>Wir bedienen uns im \u00dcbrigen geeigneter technischer und organisatorischer Sicherheitsma\u00dfnahmen, um Ihre Daten gegen zuf\u00e4llige oder vors\u00e4tzliche Manipulationen, teilweisen oder vollst\u00e4ndigen Verlust, Zerst\u00f6rung oder gegen den unbefugten Zugriff Dritter zu sch\u00fctzen. Unsere Sicherheitsma\u00dfnahmen werden entsprechend der technologischen Entwicklung fortlaufend verbessert.<\/p>\n<p><strong>10. Aktualit\u00e4t und \u00c4nderung dieser Datenschutzinformation<\/strong><\/p>\n<p>Durch die Weiterentwicklung unserer Webseite und Angebote dar\u00fcber oder aufgrund ge\u00e4nderter gesetzlicher bzw. beh\u00f6rdlicher Vorgaben kann es notwendig werden, diese Datenschutzinformation zu \u00e4ndern. Die jeweils aktuelle Datenschutzinformation kann jederzeit auf der Webseite von Ihnen abgerufen und ausgedruckt werden.<\/p>\n","protected":false},"excerpt":{"rendered":"<p>Datenschutzinformation Im Rahmen der Nutzung dieser Webseite werden personenbezogene Daten von Ihnen durch uns als den f\u00fcr die Datenverarbeitung Verantwortlichen verarbeitet und f\u00fcr die Dauer gespeichert, die zur Erf\u00fcllung der festgelegten Zwecke und gesetzlicher Verpflichtungen erforderlich ist. Im Folgenden informieren&#8230;<\/p>\n","protected":false},"author":1,"featured_media":0,"parent":0,"menu_order":0,"comment_status":"closed","ping_status":"closed","template":"","meta":{"footnotes":""},"coauthors":[2],"class_list":["post-14","page","type-page","status-publish","hentry"],"_links":{"self":[{"href":"https:\/\/prozessassistent.ipk.fraunhofer.de\/index.php?rest_route=\/wp\/v2\/pages\/14","targetHints":{"allow":["GET"]}}],"collection":[{"href":"https:\/\/prozessassistent.ipk.fraunhofer.de\/index.php?rest_route=\/wp\/v2\/pages"}],"about":[{"href":"https:\/\/prozessassistent.ipk.fraunhofer.de\/index.php?rest_route=\/wp\/v2\/types\/page"}],"author":[{"embeddable":true,"href":"https:\/\/prozessassistent.ipk.fraunhofer.de\/index.php?rest_route=\/wp\/v2\/users\/1"}],"replies":[{"embeddable":true,"href":"https:\/\/prozessassistent.ipk.fraunhofer.de\/index.php?rest_route=%2Fwp%2Fv2%2Fcomments&post=14"}],"version-history":[{"count":2,"href":"https:\/\/prozessassistent.ipk.fraunhofer.de\/index.php?rest_route=\/wp\/v2\/pages\/14\/revisions"}],"predecessor-version":[{"id":186,"href":"https:\/\/prozessassistent.ipk.fraunhofer.de\/index.php?rest_route=\/wp\/v2\/pages\/14\/revisions\/186"}],"wp:attachment":[{"href":"https:\/\/prozessassistent.ipk.fraunhofer.de\/index.php?rest_route=%2Fwp%2Fv2%2Fmedia&parent=14"}],"wp:term":[{"taxonomy":"author","embeddable":true,"href":"https:\/\/prozessassistent.ipk.fraunhofer.de\/index.php?rest_route=%2Fwp%2Fv2%2Fcoauthors&post=14"}],"curies":[{"name":"wp","href":"https:\/\/api.w.org\/{rel}","templated":true}]}}