{"id":130,"date":"2019-02-07T16:51:50","date_gmt":"2019-02-07T15:51:50","guid":{"rendered":"https:\/\/websites.fraunhofer.de\/prozessassistent\/?page_id=130"},"modified":"2019-02-07T17:17:45","modified_gmt":"2019-02-07T16:17:45","slug":"hintergrund-zur-ium-mo%c2%b2go","status":"publish","type":"page","link":"https:\/\/prozessassistent.ipk.fraunhofer.de\/?page_id=130","title":{"rendered":"Hintergrund zur IUM &#038; MO\u00b2GO"},"content":{"rendered":"\n<p><\/p>\n\n\n\n<p><strong>Integrierte Unternehmensmodellierung (IUM)<\/strong><\/p>\n\n\n\n<p>Die Integrierte Unternehmensmodellierung (IUM) ist eine am Fraunhofer-Institut f\u00fcr Produktionsanlagen und Konstruktionstechnik (IPK) Berlin entwickelte Gesch\u00e4ftsprozessmodellierungsmethode.<\/p>\n\n\n\n<p>Die IUM wird zur Aufnahme und zum Reengineering von Prozessen sowohl in produzierenden Unternehmen, als auch im \u00f6ffentlichen Bereich und Dienstleistungsunternehmen eingesetzt. In der IUM werden verschiedene Aspekte, wie Funktionen und Daten in einem Modell beschrieben. Au\u00dferdem unterst\u00fctzt die Methode Analysen von Gesch\u00e4ftsprozessen unabh\u00e4ngig von der vorhandenen Aufbauorganisation.<\/p>\n\n\n\n<p>Die Methode der Integrierten Unternehmensmodellierung unterst\u00fctzt eine \u00fcbersichtliche Unternehmensgestaltung und eine einfache Lesbarkeit der Unternehmensprozesse. Diese Transparenz wird durch Verwendung weniger und leicht verst\u00e4ndlicher Modellelemente erreicht. Die Methode IUM betrachtet Mitarbeiter, Produkte, Betriebsmittel, Informationen etc. als Objekte eines Unternehmens. Der Anwender hat dadurch die M\u00f6glichkeit, seine unternehmensspezifischen Daten und Abl\u00e4ufe im Modell abzubilden. Die Aufteilung der Daten in festgelegte Objektklassen erleichtert die Modellierung. Die ablauforganisatorische Verkn\u00fcpfung der Objekte und ihre Ver\u00e4nderungen beschreiben den Gesch\u00e4ftsprozess. Es k\u00f6nnen Abl\u00e4ufe einzeln und unabh\u00e4ngig voneinander, als auch ihr Zusammenspiel in den Gesch\u00e4ftsprozessen abgebildet werden.<\/p>\n\n\n\n<p>Die Modellierung Ihres Unternehmens ist die Grundlage, um Ver\u00e4nderungen sinnvoll planen und umsetzen zu k\u00f6nnen.<\/p>\n\n\n\n<p><strong>Methode f\u00fcr objektorientierte Gesch\u00e4ftsprozessoptimierung (MO\u00b2GO)<\/strong><\/p>\n\n\n\n<p>MO\u00b2GO ist ein Modellierungswerkzeug in dem die Strukturen, Leistungen, Prozesse und Daten eines Unternehmens in einem konsistenten Modell abgebildet und zielgerichtet zur Verf\u00fcgung gestellt werden. Die methodische Basis daf\u00fcr bildet die Integrierte Unternehmensmodellierung (IUM). Wenige Elemente machen die Modelldarstellung transparent und gut verst\u00e4ndlich. Gestaltungs- und Optimierungsalternativen werden leicht \u00fcberschaubar. Die Unternehmensdaten werden sukzessive erfasst und in einem integrierten und offenen Datenmodell abgebildet. Dieses erm\u00f6glicht eine breite und konsistente Nutzung der Unternehmensdaten.<\/p>\n\n\n\n<figure class=\"wp-block-image\"><img decoding=\"async\" src=\"https:\/\/prozessassistent.ipk.fraunhofer.de\/wp-content\/uploads\/2018\/12\/MO%C2%B2GO-1024x557.png\" alt=\"Dieses Bild hat ein leeres Alt-Attribut. Der Dateiname ist MO\u00c2\u00b2GO-1024x557.png\"\/><figcaption><a href=\"https:\/\/moogo.ipk.fraunhofer.de\/\">https:\/\/moogo.ipk.fraunhofer.de\/<\/a><\/figcaption><\/figure>\n\n\n\n<p><br><\/p>\n","protected":false},"excerpt":{"rendered":"<p>Integrierte Unternehmensmodellierung (IUM) Die Integrierte Unternehmensmodellierung (IUM) ist eine am Fraunhofer-Institut f\u00fcr Produktionsanlagen und Konstruktionstechnik (IPK) Berlin entwickelte Gesch\u00e4ftsprozessmodellierungsmethode. Die IUM wird zur Aufnahme und zum Reengineering von Prozessen sowohl in produzierenden Unternehmen, als auch im \u00f6ffentlichen Bereich und Dienstleistungsunternehmen&#8230;<\/p>\n","protected":false},"author":1,"featured_media":162,"parent":0,"menu_order":0,"comment_status":"closed","ping_status":"closed","template":"","meta":{"footnotes":""},"coauthors":[2],"class_list":["post-130","page","type-page","status-publish","has-post-thumbnail","hentry"],"_links":{"self":[{"href":"https:\/\/prozessassistent.ipk.fraunhofer.de\/index.php?rest_route=\/wp\/v2\/pages\/130","targetHints":{"allow":["GET"]}}],"collection":[{"href":"https:\/\/prozessassistent.ipk.fraunhofer.de\/index.php?rest_route=\/wp\/v2\/pages"}],"about":[{"href":"https:\/\/prozessassistent.ipk.fraunhofer.de\/index.php?rest_route=\/wp\/v2\/types\/page"}],"author":[{"embeddable":true,"href":"https:\/\/prozessassistent.ipk.fraunhofer.de\/index.php?rest_route=\/wp\/v2\/users\/1"}],"replies":[{"embeddable":true,"href":"https:\/\/prozessassistent.ipk.fraunhofer.de\/index.php?rest_route=%2Fwp%2Fv2%2Fcomments&post=130"}],"version-history":[{"count":2,"href":"https:\/\/prozessassistent.ipk.fraunhofer.de\/index.php?rest_route=\/wp\/v2\/pages\/130\/revisions"}],"predecessor-version":[{"id":150,"href":"https:\/\/prozessassistent.ipk.fraunhofer.de\/index.php?rest_route=\/wp\/v2\/pages\/130\/revisions\/150"}],"wp:featuredmedia":[{"embeddable":true,"href":"https:\/\/prozessassistent.ipk.fraunhofer.de\/index.php?rest_route=\/wp\/v2\/media\/162"}],"wp:attachment":[{"href":"https:\/\/prozessassistent.ipk.fraunhofer.de\/index.php?rest_route=%2Fwp%2Fv2%2Fmedia&parent=130"}],"wp:term":[{"taxonomy":"author","embeddable":true,"href":"https:\/\/prozessassistent.ipk.fraunhofer.de\/index.php?rest_route=%2Fwp%2Fv2%2Fcoauthors&post=130"}],"curies":[{"name":"wp","href":"https:\/\/api.w.org\/{rel}","templated":true}]}}