{"id":128,"date":"2019-02-07T16:51:40","date_gmt":"2019-02-07T15:51:40","guid":{"rendered":"https:\/\/websites.fraunhofer.de\/prozessassistent\/?page_id=128"},"modified":"2020-01-23T15:28:48","modified_gmt":"2020-01-23T14:28:48","slug":"anwender-und-einsatzbereiche","status":"publish","type":"page","link":"https:\/\/prozessassistent.ipk.fraunhofer.de\/?page_id=128","title":{"rendered":"Anwender und Einsatzbereiche"},"content":{"rendered":"\n<p>Der Prozessassistent wird von kleinen, mittelst\u00e4ndischen und gro\u00dfen Produktionsunternehmen, \u00f6ffentlichen und privaten Dienstleistern sowie Universit\u00e4ten und Forschungseinrichtungen eingesetzt.<\/p>\n\n\n\n<p><\/p>\n\n\n\n<p><strong>Unternehmensprozesse \/ Qualit\u00e4tsmanagement<\/strong><\/p>\n\n\n\n<ul class=\"wp-block-list\"><li>Ablaufbezogene Bereitstellung der Dokumente, Vorlagen und Services des Unternehmens<\/li><li>Strukturiertes und prozessbasiertes Vorgehen<\/li><li>Basis f\u00fcr Zertifizierung und Qualit\u00e4tskontrollen<\/li><li>ISO 9001<\/li><\/ul>\n\n\n\n<p><\/p>\n\n\n\n<p><strong>Einf\u00fchrung von IT-Systemen<\/strong><\/p>\n\n\n\n<ul class=\"wp-block-list\"><li>Modellierung<\/li><li>Workflow-Steuerung<\/li><li>Dokumentenmanagement<\/li><li>Projektmanagement<\/li><\/ul>\n\n\n\n<p><\/p>\n\n\n\n<p><strong>Prozessbenchmarking<\/strong><\/p>\n\n\n\n<ul class=\"wp-block-list\"><li>Prozessvergleich<\/li><li>Kennzahlen<\/li><\/ul>\n\n\n\n<p><\/p>\n\n\n\n<p><strong>Fabrikplanung<\/strong><\/p>\n\n\n\n<ul class=\"wp-block-list\"><li>Produktionsprozesse<\/li><li>Maschinen<\/li><li>Produktstruktur<\/li><\/ul>\n\n\n\n<p><\/p>\n\n\n\n<p><strong>Wissensmanagement<\/strong><\/p>\n\n\n\n<ul class=\"wp-block-list\"><li>Systematischen Umgang mit Wissen durch die Bereitstellung von Hilfsmitteln<\/li><li>Ein zentraler Zugang zu den gesamten Informationen<\/li><li>Unterst\u00fctzung bei der Identifizierung wichtiger Wissensinhalte und Wissenstr\u00e4ger, sowie der abteilungs\u00fcbergreifenden Kommunikation<\/li><\/ul>\n\n\n\n<p><\/p>\n\n\n\n<p><strong>Personalmanagement<\/strong><\/p>\n\n\n\n<ul class=\"wp-block-list\"><li>Organigramm (anschauliche Hierarchie)<\/li><li>Verantwortlichkeiten<\/li><li>Aufgabenbeschreibungen<\/li><li>Neue Mitarbeiter einfacher im Unternehmen einarbeiten<\/li><\/ul>\n","protected":false},"excerpt":{"rendered":"<p>Der Prozessassistent wird von kleinen, mittelst\u00e4ndischen und gro\u00dfen Produktionsunternehmen, \u00f6ffentlichen und privaten Dienstleistern sowie Universit\u00e4ten und Forschungseinrichtungen eingesetzt. Unternehmensprozesse \/ Qualit\u00e4tsmanagement Ablaufbezogene Bereitstellung der Dokumente, Vorlagen und Services des Unternehmens Strukturiertes und prozessbasiertes Vorgehen Basis f\u00fcr Zertifizierung und Qualit\u00e4tskontrollen ISO&#8230;<\/p>\n","protected":false},"author":1,"featured_media":188,"parent":0,"menu_order":0,"comment_status":"closed","ping_status":"closed","template":"","meta":{"footnotes":""},"coauthors":[2],"class_list":["post-128","page","type-page","status-publish","has-post-thumbnail","hentry"],"_links":{"self":[{"href":"https:\/\/prozessassistent.ipk.fraunhofer.de\/index.php?rest_route=\/wp\/v2\/pages\/128","targetHints":{"allow":["GET"]}}],"collection":[{"href":"https:\/\/prozessassistent.ipk.fraunhofer.de\/index.php?rest_route=\/wp\/v2\/pages"}],"about":[{"href":"https:\/\/prozessassistent.ipk.fraunhofer.de\/index.php?rest_route=\/wp\/v2\/types\/page"}],"author":[{"embeddable":true,"href":"https:\/\/prozessassistent.ipk.fraunhofer.de\/index.php?rest_route=\/wp\/v2\/users\/1"}],"replies":[{"embeddable":true,"href":"https:\/\/prozessassistent.ipk.fraunhofer.de\/index.php?rest_route=%2Fwp%2Fv2%2Fcomments&post=128"}],"version-history":[{"count":3,"href":"https:\/\/prozessassistent.ipk.fraunhofer.de\/index.php?rest_route=\/wp\/v2\/pages\/128\/revisions"}],"predecessor-version":[{"id":154,"href":"https:\/\/prozessassistent.ipk.fraunhofer.de\/index.php?rest_route=\/wp\/v2\/pages\/128\/revisions\/154"}],"wp:featuredmedia":[{"embeddable":true,"href":"https:\/\/prozessassistent.ipk.fraunhofer.de\/index.php?rest_route=\/wp\/v2\/media\/188"}],"wp:attachment":[{"href":"https:\/\/prozessassistent.ipk.fraunhofer.de\/index.php?rest_route=%2Fwp%2Fv2%2Fmedia&parent=128"}],"wp:term":[{"taxonomy":"author","embeddable":true,"href":"https:\/\/prozessassistent.ipk.fraunhofer.de\/index.php?rest_route=%2Fwp%2Fv2%2Fcoauthors&post=128"}],"curies":[{"name":"wp","href":"https:\/\/api.w.org\/{rel}","templated":true}]}}