{"id":126,"date":"2019-02-07T16:51:25","date_gmt":"2019-02-07T15:51:25","guid":{"rendered":"https:\/\/websites.fraunhofer.de\/prozessassistent\/?page_id=126"},"modified":"2020-01-23T15:29:29","modified_gmt":"2020-01-23T14:29:29","slug":"transparenz","status":"publish","type":"page","link":"https:\/\/prozessassistent.ipk.fraunhofer.de\/?page_id=126","title":{"rendered":"Transparenz"},"content":{"rendered":"\n<p>Indem er allen Benutzern die Informationen des Gesch\u00e4ftsprozessmodells in einer Webbrowser-basierten Form im Intranet des Unternehmens zur Verf\u00fcgung stellt, schafft der Prozessassistent Transparenz \u00fcber alle Unternehmensprozesse. Um ihn zu nutzen, sind keine speziellen Methoden- oder Werkzeugkenntnisse erforderlich. So k\u00f6nnen Mitarbeiter schnell und pr\u00e4zise Antworten auf die Frage finden, welche Dokumente und Anwendungssysteme f\u00fcr einen bestimmten Prozess genutzt werden oder welche Organisationseinheit an ihm beteiligt ist. So finden sie schnell und pr\u00e4zise Antworten auf Fragen wie:<\/p>\n\n\n\n<ul class=\"wp-block-list\"><li>Welche Prozesse gibt es im Unternehmen?<\/li><li>Wie sind sie strukturiert?<\/li><li>Wer ist mit welcher Verantwortlichkeit an einem Prozess beteiligt?<\/li><li>Welche Dokumente und Anwendungssysteme werden dabei benutzt?<\/li><li>An welchen Prozessen ist eine bestimmte Organisationseinheit beteiligt?<\/li><li>In welchen Prozessen wird ein bestimmtes Dokument bzw. ein Anwendungssystem eingesetzt?<\/li><\/ul>\n\n\n\n<p>Im Mittelpunkt des Prozessassistenten stehen die Gesch\u00e4ftsprozesse \u2013 also die t\u00e4glichen Arbeitsabl\u00e4ufe \u2013 eines Unternehmens. Dazu liefert er ein mehrdimensionales Sichtensystem mit der Prozesssicht als Hauptachse und verschiedenen Anwendungssichten, wie z. B. Organisationseinheiten, Dokumente, IT-Systeme und Kennzahlen. Die Beschreibungen der Prozesse, Wissensdom\u00e4nen, Organisationseinheiten, Dokumente und IT -Systeme sind so miteinander verkn\u00fcpft, dass der Benutzer schnell und einfach zwischen den verschiedenen Perspektiven wechseln kann. Verschiedenste Konfigurationsm\u00f6glichkeiten hinsichtlich der Inhalte und des Layouts erm\u00f6glichen die Anpassung an Unternehmensspezifika und eine nahtlose Integration in die bestehende IT-Landschaft. Dar\u00fcber hinaus kann der Prozessassistent individuell an die Bed\u00fcrfnisse der Kunden angepasst werden.<\/p>\n","protected":false},"excerpt":{"rendered":"<p>Indem er allen Benutzern die Informationen des Gesch\u00e4ftsprozessmodells in einer Webbrowser-basierten Form im Intranet des Unternehmens zur Verf\u00fcgung stellt, schafft der Prozessassistent Transparenz \u00fcber alle Unternehmensprozesse. Um ihn zu nutzen, sind keine speziellen Methoden- oder Werkzeugkenntnisse erforderlich. So k\u00f6nnen Mitarbeiter&#8230;<\/p>\n","protected":false},"author":1,"featured_media":188,"parent":0,"menu_order":0,"comment_status":"closed","ping_status":"closed","template":"","meta":{"footnotes":""},"coauthors":[2],"class_list":["post-126","page","type-page","status-publish","has-post-thumbnail","hentry"],"_links":{"self":[{"href":"https:\/\/prozessassistent.ipk.fraunhofer.de\/index.php?rest_route=\/wp\/v2\/pages\/126","targetHints":{"allow":["GET"]}}],"collection":[{"href":"https:\/\/prozessassistent.ipk.fraunhofer.de\/index.php?rest_route=\/wp\/v2\/pages"}],"about":[{"href":"https:\/\/prozessassistent.ipk.fraunhofer.de\/index.php?rest_route=\/wp\/v2\/types\/page"}],"author":[{"embeddable":true,"href":"https:\/\/prozessassistent.ipk.fraunhofer.de\/index.php?rest_route=\/wp\/v2\/users\/1"}],"replies":[{"embeddable":true,"href":"https:\/\/prozessassistent.ipk.fraunhofer.de\/index.php?rest_route=%2Fwp%2Fv2%2Fcomments&post=126"}],"version-history":[{"count":1,"href":"https:\/\/prozessassistent.ipk.fraunhofer.de\/index.php?rest_route=\/wp\/v2\/pages\/126\/revisions"}],"predecessor-version":[{"id":127,"href":"https:\/\/prozessassistent.ipk.fraunhofer.de\/index.php?rest_route=\/wp\/v2\/pages\/126\/revisions\/127"}],"wp:featuredmedia":[{"embeddable":true,"href":"https:\/\/prozessassistent.ipk.fraunhofer.de\/index.php?rest_route=\/wp\/v2\/media\/188"}],"wp:attachment":[{"href":"https:\/\/prozessassistent.ipk.fraunhofer.de\/index.php?rest_route=%2Fwp%2Fv2%2Fmedia&parent=126"}],"wp:term":[{"taxonomy":"author","embeddable":true,"href":"https:\/\/prozessassistent.ipk.fraunhofer.de\/index.php?rest_route=%2Fwp%2Fv2%2Fcoauthors&post=126"}],"curies":[{"name":"wp","href":"https:\/\/api.w.org\/{rel}","templated":true}]}}